{"id":118,"date":"2026-01-03T13:10:11","date_gmt":"2026-01-03T12:10:11","guid":{"rendered":"https:\/\/sachsensymposion.org\/?page_id=118"},"modified":"2026-01-03T13:10:11","modified_gmt":"2026-01-03T12:10:11","slug":"mitglieder-daenemark","status":"publish","type":"page","link":"https:\/\/sachsensymposion.org\/en\/mitglieder-daenemark\/","title":{"rendered":"Members Denmark"},"content":{"rendered":"<p>Dr. Sofie Laurine Albris<br>K\u00f8benhavn<\/p>\n\n\n\n<p>Else Asmussen, mag. art.<br>K\u00f8benhavn<\/p>\n\n\n\n<p>Dr. Morten Axboe<br>Virum<\/p>\n\n\n\n<p>Dr. Trine Louise Borake<br>Holb\u00e6k<\/p>\n\n\n\n<p>Dr. Linda Boye<br>Taastrup<\/p>\n\n\n\n<p>Tom Christensen<br>K\u00f8benhavn<\/p>\n\n\n\n<p>Dr. Torben Trier Christiansen<br>Aalborg<\/p>\n\n\n\n<p>Dr. Per Ethelberg<br>Haderslev<\/p>\n\n\n\n<p>Lars Grundvad cand. mag.<br>Br\u00f8rup<\/p>\n\n\n\n<p>Dr. Jesper Hansen<br>Svendborg<\/p>\n\n\n\n<p>Prof. Ulla Lund Hansen<br>K\u00f8benhavn<\/p>\n\n\n\n<p>Dr. Lene Heidemann-Lutz<br>Haderslev<\/p>\n\n\n\n<p>Dr. Mogens Bo Henriksen<br>Odense<\/p>\n\n\n\n<p>Dr. Rasmus Birch Iversen<br>Ribe<\/p>\n\n\n\n<p>Mads Leen Jensen cand. mag.<br>Haderslev<\/p>\n\n\n\n<p>Dr. Xenia Pauli Jensen<br>H\u00f8jbjerg<\/p>\n\n\n\n<p>Dr. Mads Dengs\u00f8 Jessen<br>K\u00f8benhavn<\/p>\n\n\n\n<p>Dr. Katrine Balsgaard Juul<br>Horsens<\/p>\n\n\n\n<p>Dr. Anne N\u00f8rg\u00e5rd J\u00f8rgensen<br>K\u00f8benhavn<\/p>\n\n\n\n<p>Mathias Holch Kaas MA<br>K\u00f8benhavn<\/p>\n\n\n\n<p>Dr. Iben Skibsted Kl\u00e6s\u00f8e<br>Kokkedal<\/p>\n\n\n\n<p>Dr. Pernille Kruse<br>Haderslev<\/p>\n\n\n\n<p>Kent Otte Laursen<br>Vejle<\/p>\n\n\n\n<p>Dr. Charlotta Lindblom<br>Vejle<\/p>\n\n\n\n<p>J\u00f8rgen Lund<br>Brabrand<\/p>\n\n\n\n<p>Dr. Karen H\u00f8ilund Nielsen<br>Beder<\/p>\n\n\n\n<p>Freerk Oldenburger<br>Holb\u00e6k<\/p>\n\n\n\n<p>Dr. Anne Pedersen<br>K\u00f8benhavn<\/p>\n\n\n\n<p>Birgit Marianne Rasmussen<br>Svendborg<\/p>\n\n\n\n<p>Dr. Mads Ravn<br>H\u00f8jbjerg<\/p>\n\n\n\n<p>Louise S\u00f8ndergaard cand. mag.<br>Skanderborg<\/p>\n\n\n\n<p>Anne Birgitte S\u00f8rensen<br>Haderslev<\/p>\n\n\n\n<p>Margrethe Watt<br>Dysseg\u00e5rd<\/p>","protected":false},"excerpt":{"rendered":"<p>Dr. Sofie Laurine AlbrisK\u00f8benhavn Else Asmussen, mag. art.K\u00f8benhavn Dr. Morten AxboeVirum Dr. Trine Louise BorakeHolb\u00e6k Dr. Linda BoyeTaastrup Tom ChristensenK\u00f8benhavn Dr. Torben Trier ChristiansenAalborg Dr. Per EthelbergHaderslev Lars Grundvad cand. mag.Br\u00f8rup Dr. Jesper HansenSvendborg Prof. Ulla Lund HansenK\u00f8benhavn Dr. Lene Heidemann-LutzHaderslev Dr. Mogens Bo HenriksenOdense Dr. Rasmus Birch IversenRibe Mads Leen Jensen cand. mag.Haderslev Dr. [&hellip;]<\/p>\n","protected":false},"author":1,"featured_media":0,"parent":0,"menu_order":0,"comment_status":"closed","ping_status":"closed","template":"","meta":{"footnotes":""},"wf_page_folders":[15],"class_list":["post-118","page","type-page","status-publish","hentry"],"_links":{"self":[{"href":"https:\/\/sachsensymposion.org\/en\/wp-json\/wp\/v2\/pages\/118","targetHints":{"allow":["GET"]}}],"collection":[{"href":"https:\/\/sachsensymposion.org\/en\/wp-json\/wp\/v2\/pages"}],"about":[{"href":"https:\/\/sachsensymposion.org\/en\/wp-json\/wp\/v2\/types\/page"}],"author":[{"embeddable":true,"href":"https:\/\/sachsensymposion.org\/en\/wp-json\/wp\/v2\/users\/1"}],"replies":[{"embeddable":true,"href":"https:\/\/sachsensymposion.org\/en\/wp-json\/wp\/v2\/comments?post=118"}],"version-history":[{"count":1,"href":"https:\/\/sachsensymposion.org\/en\/wp-json\/wp\/v2\/pages\/118\/revisions"}],"predecessor-version":[{"id":119,"href":"https:\/\/sachsensymposion.org\/en\/wp-json\/wp\/v2\/pages\/118\/revisions\/119"}],"wp:attachment":[{"href":"https:\/\/sachsensymposion.org\/en\/wp-json\/wp\/v2\/media?parent=118"}],"wp:term":[{"taxonomy":"wf_page_folders","embeddable":true,"href":"https:\/\/sachsensymposion.org\/en\/wp-json\/wp\/v2\/wf_page_folders?post=118"}],"curies":[{"name":"wp","href":"https:\/\/api.w.org\/{rel}","templated":true}]}}