{"id":132,"date":"2026-01-03T13:19:13","date_gmt":"2026-01-03T12:19:13","guid":{"rendered":"https:\/\/sachsensymposion.org\/?page_id=132"},"modified":"2026-03-27T15:50:26","modified_gmt":"2026-03-27T14:50:26","slug":"mitglieder-polen","status":"publish","type":"page","link":"https:\/\/sachsensymposion.org\/en\/mitglieder-polen\/","title":{"rendered":"Members Poland"},"content":{"rendered":"<p>Dr. habil. Jacek Andrzejowski<br>Warszawa<\/p>\n\n\n\n<p>Dr. habil. Anna Bitner-Wr\u00f3blewska<br>Warszawa<\/p>\n\n\n\n<p>Prof. Dr. habil. Aleksander Bursche<br>Warszawa<\/p>\n\n\n\n<p>Prof. Dr. habil. Adam Cie\u015bli\u0144ski<br>Warszawa<\/p>\n\n\n\n<p>Prof. Dr. habil. Andrzej Kokowski<br>Lublin<\/p>\n\n\n\n<p>Prof. Dr. habil. Bartosz Kontny<br>Warszawa<\/p>\n\n\n\n<p>Prof. Dr. habil Magdalena M\u0105czy\u0144ska<br>Krak\u00f3w<\/p>\n\n\n\n<p>Dr. habil. Kyrylo Myzgin<br>Warszawa<\/p>\n\n\n\n<p>Dr. habil. Tomasz Nowakiewicz<br>Warszawa<\/p>\n\n\n\n<p>Prof. Dr. habil. Wojciech Nowakowski<br>Warszawa<\/p>\n\n\n\n<p>Prof. Dr. habil. Judyta Rodzi\u0144ska-Nowak<br>Krak\u00f3w<\/p>\n\n\n\n<p>Dr. Aleksandra Rzeszotarska-Nowakiewicz<br>Warszawa<\/p>\n\n\n\n<p>Prof. Dr. habil. Marzena Przyby\u0142a<br>Krak\u00f3w<\/p>\n\n\n\n<p>Prof. Dr. habil. Jan Schuster<br>\u0141\u00f3d\u017a<\/p>\n\n\n\n<p>Dr. S\u0142awomir Wadyl<br>Warszawa<\/p>\n\n\n\n<p>Prof. Dr. habil. Marcin Wo\u0142oszyn<br>Rzesz\u00f3w<\/p>","protected":false},"excerpt":{"rendered":"<p>Dr. habil. Jacek AndrzejowskiWarszawa Dr. habil. Anna Bitner-Wr\u00f3blewskaWarszawa Prof. Dr. habil. Aleksander BurscheWarszawa Prof. Dr. habil. Adam Cie\u015bli\u0144skiWarszawa Prof. Dr. habil. Andrzej KokowskiLublin Prof. Dr. habil. Bartosz KontnyWarszawa Prof. Dr. habil Magdalena M\u0105czy\u0144skaKrak\u00f3w Dr. habil. Kyrylo MyzginWarszawa Dr. habil. Tomasz NowakiewiczWarszawa Prof. Dr. habil. Wojciech NowakowskiWarszawa Prof. Dr. habil. Judyta Rodzi\u0144ska-NowakKrak\u00f3w Dr. Aleksandra Rzeszotarska-NowakiewiczWarszawa Prof. [&hellip;]<\/p>\n","protected":false},"author":1,"featured_media":0,"parent":0,"menu_order":0,"comment_status":"closed","ping_status":"closed","template":"","meta":{"footnotes":""},"wf_page_folders":[15],"class_list":["post-132","page","type-page","status-publish","hentry"],"_links":{"self":[{"href":"https:\/\/sachsensymposion.org\/en\/wp-json\/wp\/v2\/pages\/132","targetHints":{"allow":["GET"]}}],"collection":[{"href":"https:\/\/sachsensymposion.org\/en\/wp-json\/wp\/v2\/pages"}],"about":[{"href":"https:\/\/sachsensymposion.org\/en\/wp-json\/wp\/v2\/types\/page"}],"author":[{"embeddable":true,"href":"https:\/\/sachsensymposion.org\/en\/wp-json\/wp\/v2\/users\/1"}],"replies":[{"embeddable":true,"href":"https:\/\/sachsensymposion.org\/en\/wp-json\/wp\/v2\/comments?post=132"}],"version-history":[{"count":2,"href":"https:\/\/sachsensymposion.org\/en\/wp-json\/wp\/v2\/pages\/132\/revisions"}],"predecessor-version":[{"id":840,"href":"https:\/\/sachsensymposion.org\/en\/wp-json\/wp\/v2\/pages\/132\/revisions\/840"}],"wp:attachment":[{"href":"https:\/\/sachsensymposion.org\/en\/wp-json\/wp\/v2\/media?parent=132"}],"wp:term":[{"taxonomy":"wf_page_folders","embeddable":true,"href":"https:\/\/sachsensymposion.org\/en\/wp-json\/wp\/v2\/wf_page_folders?post=132"}],"curies":[{"name":"wp","href":"https:\/\/api.w.org\/{rel}","templated":true}]}}