{"id":152,"date":"2026-01-03T13:56:10","date_gmt":"2026-01-03T12:56:10","guid":{"rendered":"https:\/\/sachsensymposion.org\/?page_id=152"},"modified":"2026-03-27T13:27:15","modified_gmt":"2026-03-27T12:27:15","slug":"vorsitzende-der-geschaeftsfuehrung-seit-1949","status":"publish","type":"page","link":"https:\/\/sachsensymposion.org\/en\/vorsitzende-der-geschaeftsfuehrung-seit-1949\/","title":{"rendered":"Chairmen and Chairwomen since 1949"},"content":{"rendered":"<p>1949-1963: Karl Waller<\/p>\n\n\n\n<p>1968-1986: Dr. Albert Genrich<\/p>\n\n\n\n<p>1986-1995: Dr. Friedrich Laux<\/p>\n\n\n\n<p>1996-2002: Dr. Hans-J\u00fcrgen H\u00e4\u00dfler<\/p>\n\n\n\n<p>2002-2022: Prof. Dr. Claus von Carnap-Bornheim<\/p>\n\n\n\n<p>2022-2024: Dr. Babette Ludowici<\/p>\n\n\n\n<p>Since 2024: Dr. Andreas Rau<\/p>\n\n\n\n<p><\/p>\n\n\n\n<p><\/p>\n\n\n\n<p><\/p>","protected":false},"excerpt":{"rendered":"<p>1949-1963: Karl Waller 1968-1986: Dr. Albert Genrich 1986-1995: Dr. Friedrich Laux 1996-2002: Dr. Hans-J\u00fcrgen H\u00e4\u00dfler 2002-2022: Prof. Dr. Claus von Carnap-Bornheim 2022-2024: Dr. Babette Ludowici Seit 2024: Dr. Andreas Rau<\/p>","protected":false},"author":1,"featured_media":0,"parent":0,"menu_order":0,"comment_status":"closed","ping_status":"closed","template":"","meta":{"footnotes":""},"wf_page_folders":[17,15,16],"class_list":["post-152","page","type-page","status-publish","hentry"],"_links":{"self":[{"href":"https:\/\/sachsensymposion.org\/en\/wp-json\/wp\/v2\/pages\/152","targetHints":{"allow":["GET"]}}],"collection":[{"href":"https:\/\/sachsensymposion.org\/en\/wp-json\/wp\/v2\/pages"}],"about":[{"href":"https:\/\/sachsensymposion.org\/en\/wp-json\/wp\/v2\/types\/page"}],"author":[{"embeddable":true,"href":"https:\/\/sachsensymposion.org\/en\/wp-json\/wp\/v2\/users\/1"}],"replies":[{"embeddable":true,"href":"https:\/\/sachsensymposion.org\/en\/wp-json\/wp\/v2\/comments?post=152"}],"version-history":[{"count":8,"href":"https:\/\/sachsensymposion.org\/en\/wp-json\/wp\/v2\/pages\/152\/revisions"}],"predecessor-version":[{"id":838,"href":"https:\/\/sachsensymposion.org\/en\/wp-json\/wp\/v2\/pages\/152\/revisions\/838"}],"wp:attachment":[{"href":"https:\/\/sachsensymposion.org\/en\/wp-json\/wp\/v2\/media?parent=152"}],"wp:term":[{"taxonomy":"wf_page_folders","embeddable":true,"href":"https:\/\/sachsensymposion.org\/en\/wp-json\/wp\/v2\/wf_page_folders?post=152"}],"curies":[{"name":"wp","href":"https:\/\/api.w.org\/{rel}","templated":true}]}}