{"id":256,"date":"2026-01-09T14:45:54","date_gmt":"2026-01-09T13:45:54","guid":{"rendered":"https:\/\/sachsensymposion.org\/?page_id=256"},"modified":"2026-01-11T13:14:02","modified_gmt":"2026-01-11T12:14:02","slug":"symposion-in-haderslev-1977","status":"publish","type":"page","link":"https:\/\/sachsensymposion.org\/en\/symposion-in-haderslev-1977\/","title":{"rendered":"Symposion in Haderslev 1977"},"content":{"rendered":"<ul class=\"filebird-block-filebird-gallery wp-block-gallery blocks-gallery-grid columns-3 is-cropped\" style=\"--columns: 3;--space: 0px;--min-width: 0px;\"><li class=\"blocks-gallery-item\"><figure><img loading=\"lazy\" decoding=\"async\" width=\"640\" height=\"459\" src=\"https:\/\/sachsensymposion.org\/wp-content\/uploads\/2026\/01\/Haderslev-1977-Gruppenfoto.jpg\" alt=\"Haderslev 1977 Gruppenfoto\" class=\"wp-image-330\" srcset=\"https:\/\/sachsensymposion.org\/wp-content\/uploads\/2026\/01\/Haderslev-1977-Gruppenfoto.jpg 640w, https:\/\/sachsensymposion.org\/wp-content\/uploads\/2026\/01\/Haderslev-1977-Gruppenfoto-300x215.jpg 300w, https:\/\/sachsensymposion.org\/wp-content\/uploads\/2026\/01\/Haderslev-1977-Gruppenfoto-18x12.jpg 18w\" sizes=\"auto, (max-width: 640px) 100vw, 640px\" \/><\/figure><\/li><li class=\"blocks-gallery-item\"><figure><img loading=\"lazy\" decoding=\"async\" width=\"640\" height=\"466\" src=\"https:\/\/sachsensymposion.org\/wp-content\/uploads\/2026\/01\/Haderslev-1977-Gruppenfoto-Identifikationshilfe.jpg\" alt=\"Haderslev 1977 Gruppenfoto Identifikationshilfe\" class=\"wp-image-331\" srcset=\"https:\/\/sachsensymposion.org\/wp-content\/uploads\/2026\/01\/Haderslev-1977-Gruppenfoto-Identifikationshilfe.jpg 640w, https:\/\/sachsensymposion.org\/wp-content\/uploads\/2026\/01\/Haderslev-1977-Gruppenfoto-Identifikationshilfe-300x218.jpg 300w, https:\/\/sachsensymposion.org\/wp-content\/uploads\/2026\/01\/Haderslev-1977-Gruppenfoto-Identifikationshilfe-16x12.jpg 16w\" sizes=\"auto, (max-width: 640px) 100vw, 640px\" \/><\/figure><\/li><\/ul>\n\n\n<p><em><strong>Teilnehmerliste<\/strong><\/em><\/p>\n\n\n\n<p>28. Symposion der Sachsenforschung in Haderslev vom 5. bis 9. September 1977<\/p>\n\n\n\n<figure class=\"wp-block-table\"><table class=\"has-fixed-layout\"><tbody><tr><td>1<\/td><td>Prof. Dr. Claus Ahrens<\/td><td>Hamburg<\/td><td>D<\/td><\/tr><tr><td>2<\/td><td>Insp. Svend E. Albrethsen<\/td><td>K\u00f8benhavn<\/td><td>DK<\/td><\/tr><tr><td>3<\/td><td>Mag. Stehen Andersen<\/td><td>K\u00f8benhavn<\/td><td>DK<\/td><\/tr><tr><td>4<\/td><td>Herr R\u00fcdiger Articus<\/td><td>Hamburg<\/td><td>D<\/td><\/tr><tr><td>5<\/td><td>Mag. Morten Axboe<\/td><td>K\u00f8benhavn<\/td><td>DK<\/td><\/tr><tr><td>6<\/td><td>Docent Egil Bakka<\/td><td>Bergen<\/td><td>N<\/td><\/tr><tr><td>7<\/td><td>Dr. W. J. de Boone<\/td><td>Garderen<\/td><td>NL<\/td><\/tr><tr><td>8<\/td><td>Dr. Karl Heinz Brandt<\/td><td>Bremen<\/td><td>D<\/td><\/tr><tr><td>9<\/td><td>Dr. Rehder Heinz Carsten<\/td><td>Hamburg<\/td><td>D<\/td><\/tr><tr><td>10<\/td><td>Herr Bruce Eagles<\/td><td>Salisbury<\/td><td>GB<\/td><\/tr><tr><td>12<\/td><td>Miss Dr. V. J. Evison<\/td><td>London<\/td><td>GB<\/td><\/tr><tr><td>14<\/td><td>Frau Dr. Uta von Freeden<\/td><td>Frankfurt<\/td><td>D<\/td><\/tr><tr><td>15<\/td><td>Dr. Michael Geb\u00fchr<\/td><td>Schleswig<\/td><td>D<\/td><\/tr><tr><td>16<\/td><td>Dr. Albert Genrich<\/td><td>Beckedorf<\/td><td>D<\/td><\/tr><tr><td>17<\/td><td>Docent Ulf Erik Hagberg<\/td><td>Uppsala<\/td><td>S<\/td><\/tr><tr><td>19<\/td><td>Prof. Dr. G\u00fcnther Haseloff<\/td><td>W\u00fcrzburg<\/td><td>D<\/td><\/tr><tr><td>20<\/td><td>Dr. Hans-J\u00fcrgen H\u00e4ssler<\/td><td>Hanover<\/td><td>D<\/td><\/tr><tr><td>21<\/td><td>Stud. mag. Lotte Hedeager<\/td><td>K\u00f8benhavn<\/td><td>DK<\/td><\/tr><tr><td>22<\/td><td>Frau Dr. Catherine Hills<\/td><td>Norfolk<\/td><td>GB<\/td><\/tr><tr><td>23<\/td><td>Prof. Dr. Hermann Hinz<\/td><td>Kiel<\/td><td>D<\/td><\/tr><tr><td>25<\/td><td>Mag. Steen Hvass<\/td><td>T\u00f8rring<\/td><td>DK<\/td><\/tr><tr><td>26<\/td><td>Stud. mag. Jens Larsen Jacobsen<\/td><td>Aarhus<\/td><td>DK<\/td><\/tr><tr><td>28<\/td><td>Hr. Torben Gr\u00f8ng\u00e5rd Jeppesen<\/td><td>Odense<\/td><td>DK<\/td><\/tr><tr><td>29<\/td><td>Herr Dafydd Kidd<\/td><td>London<\/td><td>GB<\/td><\/tr><tr><td>32<\/td><td>Dr. Friedrich Laux<\/td><td>Hamburg<\/td><td>D<\/td><\/tr><tr><td>34<\/td><td>Insp. David Liversage<\/td><td>K\u00f8benhavn<\/td><td>DK<\/td><\/tr><tr><td>35<\/td><td>Prof. Niels Lukman<\/td><td>Hellerup<\/td><td>DK<\/td><\/tr><tr><td>37<\/td><td>Docent Ulla Lund Hansen<\/td><td>K\u00f8benhavn<\/td><td>DK<\/td><\/tr><tr><td>38<\/td><td>Insp. Per Lysdahl<\/td><td>Hj\u00f8rring<\/td><td>DK<\/td><\/tr><tr><td>41<\/td><td>Insp. Hans Neumann<\/td><td>Haderslev<\/td><td>DK<\/td><\/tr><tr><td>42<\/td><td>Insp. Helge Nielsen<\/td><td>K\u00f8ge<\/td><td>DK<\/td><\/tr><tr><td>43<\/td><td>Insp. Ulla Fraes Rasmussen<\/td><td>Lejre<\/td><td>DK<\/td><\/tr><tr><td>44<\/td><td>Herr Nicholas Reynolds<\/td><td>Sancton<\/td><td>GB<\/td><\/tr><tr><td>45<\/td><td>Frau Petra Roggenbuck<\/td><td>Seevetal<\/td><td>D<\/td><\/tr><tr><td>46<\/td><td>Frau Hilke-Elisabeth Saggau<\/td><td>Kiel<\/td><td>D<\/td><\/tr><tr><td>49<\/td><td>Dr. Wencke Slomann<\/td><td>Oslo<\/td><td>N<\/td><\/tr><tr><td>50<\/td><td>Mag. Lydia Slumstrup<\/td><td>Holte<\/td><td>DK<\/td><\/tr><tr><td>51<\/td><td>Prof. Berta Stjernquist<\/td><td>Lund<\/td><td>S<\/td><\/tr><tr><td>52<\/td><td>Insp. Elise Thorvildsen<\/td><td>K\u00f8benhavn<\/td><td>DK<\/td><\/tr><tr><td>53<\/td><td>Dr. phil. Henrik Trane<\/td><td>Odense<\/td><td>DK<\/td><\/tr><tr><td>54<\/td><td>Frau Dr. Ingrid Ulbricht<\/td><td>Schleswig<\/td><td>D<\/td><\/tr><tr><td>56<\/td><td>Dr. Haye Vierck<\/td><td>M\u00fcnster<\/td><td>D<\/td><\/tr><tr><td>57<\/td><td>Insp. Olfert Voss<\/td><td>K\u00f8benhavn<\/td><td>DK<\/td><\/tr><tr><td>58<\/td><td>Prof. Dr. H. T. Waterbolk<\/td><td>Groningen<\/td><td>D<\/td><\/tr><tr><td>60<\/td><td>Frau Leslie Webster<\/td><td>London<\/td><td>GB<\/td><\/tr><tr><td>61<\/td><td>Prof. Dr. Willi Wegewitz<\/td><td>Hamburg<\/td><td>D<\/td><\/tr><tr><td>62<\/td><td>Mag. Stine Wiell<\/td><td>Haderslev<\/td><td>DK<\/td><\/tr><tr><td>63<\/td><td>Prof. W. Winkelmann<\/td><td>M\u00fcnster<\/td><td>D<\/td><\/tr><tr><td>64<\/td><td>Dr. Jaap Ypey<\/td><td>Amersfoort<\/td><td>NL<\/td><\/tr><tr><td>65<\/td><td>Dr. W. H. Zimmermann<\/td><td>Wilhelmshaven<\/td><td>D<\/td><\/tr><tr><td>66<\/td><td>Frau Jooss<\/td><td>Hanover<\/td><td>D<\/td><\/tr><tr><td>67<\/td><td>Frau Genrich<\/td><td>Hanover<\/td><td>D<\/td><\/tr><tr><td>68<\/td><td>Frau Wegewitz<\/td><td>Hamburg<\/td><td>D<\/td><\/tr><tr><td>69<\/td><td>Frau Dr. Haseloff<\/td><td>W\u00fcrzburg<\/td><td>D<\/td><\/tr><tr><td>70<\/td><td>Frau Vierck<\/td><td>M\u00fcnster<\/td><td>D<\/td><\/tr><tr><td>71<\/td><td>Frau Dr. Burmester<\/td><td>Hamburg<\/td><td>D<\/td><\/tr><tr><td>72<\/td><td>Frau Brandt<\/td><td>Bremen<\/td><td>D<\/td><\/tr><tr><td>73<\/td><td>Frau Ahrens<\/td><td>Hamburg<\/td><td>D<\/td><\/tr><tr><td>74<\/td><td>Frau de Boone<\/td><td>Garderen<\/td><td>NL<\/td><\/tr><tr><td>75<\/td><td>Frau Youngs<\/td><td>London<\/td><td>GB<\/td><\/tr><\/tbody><\/table><\/figure>\n\n\n\n<p><\/p>","protected":false},"excerpt":{"rendered":"<p>Teilnehmerliste 28. Symposion der Sachsenforschung in Haderslev vom 5. bis 9. September 1977 1 Prof. Dr. Claus Ahrens Hamburg D 2 Insp. Svend E. Albrethsen K\u00f8benhavn DK 3 Mag. Stehen Andersen K\u00f8benhavn DK 4 Herr R\u00fcdiger Articus Hamburg D 5 Mag. Morten Axboe K\u00f8benhavn DK 6 Docent Egil Bakka Bergen N 7 Dr. W. J. [&hellip;]<\/p>\n","protected":false},"author":1,"featured_media":0,"parent":0,"menu_order":0,"comment_status":"closed","ping_status":"closed","template":"","meta":{"footnotes":""},"wf_page_folders":[16],"class_list":["post-256","page","type-page","status-publish","hentry"],"_links":{"self":[{"href":"https:\/\/sachsensymposion.org\/en\/wp-json\/wp\/v2\/pages\/256","targetHints":{"allow":["GET"]}}],"collection":[{"href":"https:\/\/sachsensymposion.org\/en\/wp-json\/wp\/v2\/pages"}],"about":[{"href":"https:\/\/sachsensymposion.org\/en\/wp-json\/wp\/v2\/types\/page"}],"author":[{"embeddable":true,"href":"https:\/\/sachsensymposion.org\/en\/wp-json\/wp\/v2\/users\/1"}],"replies":[{"embeddable":true,"href":"https:\/\/sachsensymposion.org\/en\/wp-json\/wp\/v2\/comments?post=256"}],"version-history":[{"count":21,"href":"https:\/\/sachsensymposion.org\/en\/wp-json\/wp\/v2\/pages\/256\/revisions"}],"predecessor-version":[{"id":334,"href":"https:\/\/sachsensymposion.org\/en\/wp-json\/wp\/v2\/pages\/256\/revisions\/334"}],"wp:attachment":[{"href":"https:\/\/sachsensymposion.org\/en\/wp-json\/wp\/v2\/media?parent=256"}],"wp:term":[{"taxonomy":"wf_page_folders","embeddable":true,"href":"https:\/\/sachsensymposion.org\/en\/wp-json\/wp\/v2\/wf_page_folders?post=256"}],"curies":[{"name":"wp","href":"https:\/\/api.w.org\/{rel}","templated":true}]}}