{"id":35,"date":"2025-06-10T11:36:06","date_gmt":"2025-06-10T09:36:06","guid":{"rendered":"https:\/\/sachsensymposion.org\/?page_id=35"},"modified":"2025-06-10T11:36:06","modified_gmt":"2025-06-10T09:36:06","slug":"wer-sind-die-sachsen","status":"publish","type":"page","link":"https:\/\/sachsensymposion.org\/en\/wer-sind-die-sachsen\/","title":{"rendered":"Who are the Saxons?"},"content":{"rendered":"<p>Germanic tribes, such as the Franks, Alemanni or Bavarii, had a decisive influence on the political and historical evolution of Europe in the first millennium. Even today, their names and history have given various European regions and countries their territorial identity. This is also true of the Saxons. Their name is still found in various contexts, for example when speaking of the Anglo-Saxon world.<\/p>\n\n\n\n<p>In late classical antiquity, prior to the 5th century, the term \u2018saxones\u2019 or \u2018Saxons\u2019 was at first only used for pirates and plundering armed bands from the North or for units of Germanic mercenaries in the Roman army. In the Frankish chronicles, from the 6th and 7th centuries onward, the term also describes inhabitants of the area between the Rhine, the Elbe, the central mountainous region of Germany and the North Sea coast. As the immediate northern neighbours of the Frankish Kingdom, the people living in this area increasingly became the focus of the hegemonial ambitions of the Frankish kings. Military campaigns and punitive expeditions by the Christian Franks against these heathen \u2018Saxons\u2019, who had no king, were not willing to pay the required tribute and always broke their promises, finally culminated in Charlemagne\u2019s successful \u2018Saxon Wars\u2019 between 772 and 805. The decades of resistance against the invader, the forced renunciation of their traditional non-Christian beliefs brutally inflicted on them by Charlemagne, and the imposition of Frankish and ecclesiastical administrative structures, totally changed the social fabric of the early medieval Saxons and destroyed their autochthon culture, which had no written tradition. Certain members of the Saxon elite with their excellent Europe-wide networks were able to make use of this far-reaching and irreversible process to extend their own power and territories. One of the leading families in the 9th century achieved an unparalleled ascent: after being awarded the title of Duke of the Saxons by the Franks, the family \u2013 also known today as the Liudolfings \u2013 attained royal status in the Frankish Kingdom at the beginning of the 10th century in the person of Henry I. Under Henry\u2019s rule and that of his son and successor, Otto I, the present-day southeastern part of Lower Saxony became a core area of what was henceforth the East Frankish-German Kingdom.<\/p>\n\n\n\n<p>Numerous archaeological finds and features, together with the continuous development of scientific methods and a change in paradigms in the study of ethno-genetic processes in the early Middle Ages, have fundamentally revised the traditional understanding of the history of the Saxons, which in many aspects had been dominated by research carried out in the 19th century. Earlier views held that the early medieval Saxons, against whom war was waged by the Frankish kings, were an ancient Germanic tribe that had originally inhabited the Lower Elbe area and, from the Roman Iron Age (1st \u2013 4th centuries) into the 6th and 7th centuries, gradually settled on the North German Plain as far as the central mountainous area \u2013 or had at least brought these areas under their control. From the 5th century onwards, members of this expanding tribe, together with some of the Angles, took part as conquerors and immigrants in the momentous Germanic invasion of Britain.<\/p>\n\n\n\n<p>Today, we know that this expansion theory is false. Archaeologists have been able to demonstrate that the inhabitants of northwestern Germany in the first millennium consisted of autochthon groups that, almost without exception, from the Roman Iron Age to the High Middle Ages were firmly settled and very different from one another in many ways. It was with the confrontation with the Frankish Kingdom and, especially, the supra-regionally organised resistance against Charlemagne that these people slowly developed a common, unifying \u2018Saxon\u2019 identity that went beyond the individual regions and groups. This Saxon identity first manifested itself in a discernable common territory on the lands belonging to the Dukedom of Saxony, which had been officially established by the Franks in the 9th century.<\/p>\n\n\n\n<p>The contribution made by these people to the germanization of Britain can already be observed in the texts written by British, but also continental, historians of the day: from the 8th century onwards, they speak of the inhabitants of England as \u2018anglisaxones\u2019 or \u2018Angli Saxones\u2019 and thus obviously refer to their historical connection \u2013 whatever its nature \u2013 with the Saxons on the Continent. This thus recorded participation of Saxons (and Angles, who probably came from the North German-Danish area) in the ethno-genesis of what is still known as the \u2018Anglo-Saxon\u2019 population of the British Isles is seen today as an extremely complex process, which had already started in the first half of the 5th century and which, over many generations, was based on a constant exchange \u2013 for whatever reasons \u2013 of goods, people and ideas between the inhabitants of the North Sea coastal regions of the Netherlands, northwestern Germany and Denmark, and the then inhabitants of England, i.e. a multi-factor migration process that cannot be adequately defined as an \u2018invasion\u2019 or \u2018emigration\u2019 and is at present the subject of heated scholarly debate.<\/p>\n\n\n\n<p><em>Author: Babette Ludowici<\/em><\/p>\n\n\n\n<p><\/p>","protected":false},"excerpt":{"rendered":"<p>Germanische gentes wie die Franken, die Alamannen oder die Bajuwaren haben die politischen und historischen Abl\u00e4ufe in Europa im ersten Jahrtausend entscheidend mitgepr\u00e4gt. Bis heute stiften ihre Namen und ihre Geschichte in verschiedenen europ\u00e4ischen Regionen und L\u00e4ndern territoriale Identit\u00e4t. Dies gilt auch f\u00fcr die saxones, die Sachsen. Ihr Name findet in verschiedenen Kontexten bis heute [&hellip;]<\/p>\n","protected":false},"author":1,"featured_media":0,"parent":0,"menu_order":0,"comment_status":"closed","ping_status":"closed","template":"","meta":{"footnotes":""},"wf_page_folders":[17],"class_list":["post-35","page","type-page","status-publish","hentry"],"_links":{"self":[{"href":"https:\/\/sachsensymposion.org\/en\/wp-json\/wp\/v2\/pages\/35","targetHints":{"allow":["GET"]}}],"collection":[{"href":"https:\/\/sachsensymposion.org\/en\/wp-json\/wp\/v2\/pages"}],"about":[{"href":"https:\/\/sachsensymposion.org\/en\/wp-json\/wp\/v2\/types\/page"}],"author":[{"embeddable":true,"href":"https:\/\/sachsensymposion.org\/en\/wp-json\/wp\/v2\/users\/1"}],"replies":[{"embeddable":true,"href":"https:\/\/sachsensymposion.org\/en\/wp-json\/wp\/v2\/comments?post=35"}],"version-history":[{"count":1,"href":"https:\/\/sachsensymposion.org\/en\/wp-json\/wp\/v2\/pages\/35\/revisions"}],"predecessor-version":[{"id":41,"href":"https:\/\/sachsensymposion.org\/en\/wp-json\/wp\/v2\/pages\/35\/revisions\/41"}],"wp:attachment":[{"href":"https:\/\/sachsensymposion.org\/en\/wp-json\/wp\/v2\/media?parent=35"}],"wp:term":[{"taxonomy":"wf_page_folders","embeddable":true,"href":"https:\/\/sachsensymposion.org\/en\/wp-json\/wp\/v2\/wf_page_folders?post=35"}],"curies":[{"name":"wp","href":"https:\/\/api.w.org\/{rel}","templated":true}]}}