{"id":36,"date":"2025-06-10T11:28:32","date_gmt":"2025-06-10T09:28:32","guid":{"rendered":"https:\/\/sachsensymposion.org\/?page_id=36"},"modified":"2025-06-10T11:28:32","modified_gmt":"2025-06-10T09:28:32","slug":"das-internationale-sachsensymposion","status":"publish","type":"page","link":"https:\/\/sachsensymposion.org\/en\/das-internationale-sachsensymposion\/","title":{"rendered":"The \"Internationales Sachsensymposion\""},"content":{"rendered":"<p class=\"translation-block\">The \u2018Internationales Sachsensymposion. Arbeitsgemeinschaft zur Arch\u00e4ologie der Sachsen und ihrer Nachbarv\u00f6lker in Nordwesteuropa\u2019  (International Sachsensymposion. Research network for the archaeological study of the Saxons and their neighbouring peoples in northwestern Europe) is an association of archaeologists and historians that was founded in Cuxhaven, in 1949, as the \u2018Arbeitsgemeinschaft f\u00fcr Sachsenforschung\u2019 (Study Group for Saxon Research) on the initiative of a group of German and Dutch scholars.<\/p>\n\n\n\n<p class=\"translation-block\">The aim of the members of the \u2018Internationales Sachsensymposion\u2019 is the continuous, joint \u2013 international \u2013 study of the history and ethnogenesis of the Germanic saxones, i.e. the continental Saxons of the Migration Period and early Middle Ages and the Anglo-Saxons of the British Isles, as well as those of the neighbouring peoples. A further aim is to discuss the relevant relationships that existed between all these populations and that can be detected in the countries bordering the North and Baltic Seas.<\/p>\n\n\n\n<p class=\"translation-block\">Today, the network is an association constituted under Belgian law: the present members are about 230 elected archaeologists and various historians from Belgium, Denmark, Germany, Finland, France, Great Britain, the Netherlands, Norway, Poland, Sweden and the USA. Their annual meeting, lasting several days, is known as \u2018the Symposion\u2019 of the \u2018Internationales Sachsensymposion. Arbeitsgemeinschaft zur Arch\u00e4ologie der Sachsen und ihrer Nachbarv\u00f6lker in Nordwesteuropa\u2019, and is a leading international academic forum for the archaeology of the early history of northwestern Europe.<\/p>","protected":false},"excerpt":{"rendered":"<p>Das \u201eInternationale Sachsensymposion. Arbeitsgemeinschaft zur Arch\u00e4ologie der Sachsen und ihrer Nachbarv\u00f6lker in Nordwesteuropa\u201d&nbsp; ist eine wissenschaftliche Vereinigung, die 1949 in Cuxhaven durch eine Gruppe deutscher und niederl\u00e4ndischer Arch\u00e4ologen und Arch\u00e4ologinnen als \u201eArbeitsgemeinschaft f\u00fcr Sachsenforschung\u201c gegr\u00fcndet worden ist. Die Mitglieder des \u201eInternationalen Sachsensymposions\u201c&nbsp; haben sich zur Aufgabe gestellt, die Geschichte und Ethnogenese der germanischen gens der [&hellip;]<\/p>\n","protected":false},"author":1,"featured_media":0,"parent":0,"menu_order":0,"comment_status":"closed","ping_status":"closed","template":"","meta":{"footnotes":""},"wf_page_folders":[17],"class_list":["post-36","page","type-page","status-publish","hentry"],"_links":{"self":[{"href":"https:\/\/sachsensymposion.org\/en\/wp-json\/wp\/v2\/pages\/36","targetHints":{"allow":["GET"]}}],"collection":[{"href":"https:\/\/sachsensymposion.org\/en\/wp-json\/wp\/v2\/pages"}],"about":[{"href":"https:\/\/sachsensymposion.org\/en\/wp-json\/wp\/v2\/types\/page"}],"author":[{"embeddable":true,"href":"https:\/\/sachsensymposion.org\/en\/wp-json\/wp\/v2\/users\/1"}],"replies":[{"embeddable":true,"href":"https:\/\/sachsensymposion.org\/en\/wp-json\/wp\/v2\/comments?post=36"}],"version-history":[{"count":2,"href":"https:\/\/sachsensymposion.org\/en\/wp-json\/wp\/v2\/pages\/36\/revisions"}],"predecessor-version":[{"id":298,"href":"https:\/\/sachsensymposion.org\/en\/wp-json\/wp\/v2\/pages\/36\/revisions\/298"}],"wp:attachment":[{"href":"https:\/\/sachsensymposion.org\/en\/wp-json\/wp\/v2\/media?parent=36"}],"wp:term":[{"taxonomy":"wf_page_folders","embeddable":true,"href":"https:\/\/sachsensymposion.org\/en\/wp-json\/wp\/v2\/wf_page_folders?post=36"}],"curies":[{"name":"wp","href":"https:\/\/api.w.org\/{rel}","templated":true}]}}