{"id":55,"date":"2025-06-11T09:25:19","date_gmt":"2025-06-11T07:25:19","guid":{"rendered":"https:\/\/sachsensymposion.org\/?page_id=55"},"modified":"2026-04-09T15:04:01","modified_gmt":"2026-04-09T13:04:01","slug":"koordinierender-ausschuss","status":"publish","type":"page","link":"https:\/\/sachsensymposion.org\/en\/koordinierender-ausschuss\/","title":{"rendered":"Coordinating Committee"},"content":{"rendered":"<h1 class=\"wp-block-heading\">Members of the Coordinating Committee<\/h1>\n\n\n\n<p><em>Honorary Members<\/em><\/p>\n\n\n\n<p>Prof. Dr. Vera Evison \u2020<br>Great Britain<\/p>\n\n\n\n<p>Lic. Luk van Impe<br>Leuven<br>Belgium<br><\/p>\n\n\n\n<p>Professor Christopher Scull<br>London<br>Great Britain<br><\/p>\n\n\n\n<p>Prof. Dr. Dr. h.c. Claus von Carnap-Bornheim<br>Fahrdorf<br>Germany<\/p>\n\n\n\n<p><em>Chair:<\/em><\/p>\n\n\n\n<p>Dr. Andreas Rau<br>Schleswig<br>Germany<\/p>\n\n\n\n<p><em>Deputy Chair:<\/em><\/p>\n\n\n\n<p>Docent Dr Ulla Nordfors<br>Turku<br>Finland<\/p>\n\n\n\n<p><em>Treasurer:<\/em><\/p>\n\n\n\n<p>Dr. Pieterjan Deckers<br>Leuven<br>Belgium<\/p>\n\n\n\n<p><em>Secretary:<\/em><\/p>\n\n\n\n<p>Dr Stuart Brookes<br>London<br>Great Britain<\/p>\n\n\n\n<p><em>Assessors:<\/em><\/p>\n\n\n\n<p>Dr. Xenia Pauli Jensen<br>Moesgaard<br>Denmark<\/p>\n\n\n\n<p>Prof. Dr. Adam Cie\u015bli\u0144ski<br>Warsaw<br>Poland<\/p>\n\n\n\n<p><em>Members:<\/em><\/p>\n\n\n\n<p>Dr. Katrine Balsgaard Juul<br>Horsens<br>Denmark<\/p>\n\n\n\n<p>Dr. Pernille Kruse<br>Haderslev<br>Denmark<\/p>\n\n\n\n<p>Freerk Oldenburger<br>Holb\u00e6k<br>Denmark<\/p>\n\n\n\n<p>Dr. Xenia Pauli Jensen<br>Moesgaard<br>Denmark<\/p>\n\n\n\n<p>Dr. Vera Brieske<br>M\u00fcnster<br>Germany<\/p>\n\n\n\n<p>Dr. Michaela Helmbrecht<br>Munich<br>Germany<\/p>\n\n\n\n<p>Dr. Annette Siegm\u00fcller<br>Oldenburg\/Wilhelmshaven<br>Germany<\/p>\n\n\n\n<p>Prof. Dr. Anne Nissen-Jaubert<br>Paris<br>France<\/p>\n\n\n\n<p>Dr Susanne Hakenbeck<br>Cambridge<br>Great Britain<\/p>\n\n\n\n<p>Dr Samantha Lucy<br>Cambridge<br>Great Britain<\/p>\n\n\n\n<p>Dr Andrew Richardson<br>Sandgate<br>Great Britain<\/p>\n\n\n\n<p>Dr. Menno Dijkstra<br>Amsterdam<br>Netherlands<\/p>\n\n\n\n<p>Dr. Nelleke IJssennagger-van der Pluijm<br>Leeuwarden<br>Netherlands<\/p>\n\n\n\n<p>Dr. Henk van der Velde<br>Amersfoort<br>Netherlands<\/p>\n\n\n\n<p>Dr. Unn Pedersen<br>Oslo<br>Norway<\/p>\n\n\n\n<p>Dr. H\u00e5kon Reiersen<br>Stavanger<br>Norway<\/p>\n\n\n\n<p>Prof. Dr. Anna Wessman<br>Bergen<br>Norway<\/p>\n\n\n\n<p>Prof. Dr. Bartosz Kontny<br>Warsaw<br>Poland<\/p>\n\n\n\n<p>Prof. Dr. habil. Judyta Rodzi\u0144ska-Nowak<br>Krak\u00f3w<br>Poland<\/p>\n\n\n\n<p>Docent Dr. Svante Fischer<br>Stockholm<br>Sweden<\/p>\n\n\n\n<p>Dr. Alison Klevn\u00e4s<br>Uppsala<br>Sweden<\/p>","protected":false},"excerpt":{"rendered":"<p>Mitglieder des koordinierenden Ausschusses Ehrenmitglieder: Prof. Dr. Vera Evison \u2020Gro\u00dfbritannien Lic. Luk van ImpeLeuvenBelgien Professor Christopher ScullLondonGro\u00dfbritannien Prof. Dr. Dr. h.c. Claus von Carnap-BornheimFahrdorfDeutschland Vorsitzender: Dr. Andreas RauSchleswigDeutschland Stellvertretende Vorsitzende: Docent Dr Ulla NordforsTurkuFinnland Schatzmeister: Dr. Pieterjan DeckersLeuvenBelgien Schriftf\u00fchrer: Dr Stuart BrookesLondonGro\u00dfbritannien Beisitzer: Dr. Xenia Pauli JensenMoesgaardD\u00e4nemark Prof. Dr. Adam Cie\u015bli\u0144skiWarschauPolen Mitglieder: Dr. Katrine Balsgaard [&hellip;]<\/p>\n","protected":false},"author":1,"featured_media":0,"parent":0,"menu_order":0,"comment_status":"closed","ping_status":"closed","template":"","meta":{"footnotes":""},"wf_page_folders":[17],"class_list":["post-55","page","type-page","status-publish","hentry"],"_links":{"self":[{"href":"https:\/\/sachsensymposion.org\/en\/wp-json\/wp\/v2\/pages\/55","targetHints":{"allow":["GET"]}}],"collection":[{"href":"https:\/\/sachsensymposion.org\/en\/wp-json\/wp\/v2\/pages"}],"about":[{"href":"https:\/\/sachsensymposion.org\/en\/wp-json\/wp\/v2\/types\/page"}],"author":[{"embeddable":true,"href":"https:\/\/sachsensymposion.org\/en\/wp-json\/wp\/v2\/users\/1"}],"replies":[{"embeddable":true,"href":"https:\/\/sachsensymposion.org\/en\/wp-json\/wp\/v2\/comments?post=55"}],"version-history":[{"count":8,"href":"https:\/\/sachsensymposion.org\/en\/wp-json\/wp\/v2\/pages\/55\/revisions"}],"predecessor-version":[{"id":856,"href":"https:\/\/sachsensymposion.org\/en\/wp-json\/wp\/v2\/pages\/55\/revisions\/856"}],"wp:attachment":[{"href":"https:\/\/sachsensymposion.org\/en\/wp-json\/wp\/v2\/media?parent=55"}],"wp:term":[{"taxonomy":"wf_page_folders","embeddable":true,"href":"https:\/\/sachsensymposion.org\/en\/wp-json\/wp\/v2\/wf_page_folders?post=55"}],"curies":[{"name":"wp","href":"https:\/\/api.w.org\/{rel}","templated":true}]}}