{"id":57,"date":"2025-06-11T09:27:11","date_gmt":"2025-06-11T07:27:11","guid":{"rendered":"https:\/\/sachsensymposion.org\/?page_id=57"},"modified":"2026-03-03T14:27:18","modified_gmt":"2026-03-03T13:27:18","slug":"neue-studien-zur-sachsenforschung","status":"publish","type":"page","link":"https:\/\/sachsensymposion.org\/en\/neue-studien-zur-sachsenforschung\/","title":{"rendered":"Neue Studien zur Sachsenforschung"},"content":{"rendered":"<p>The series \u201cNeue Studien zur Sachsenforschung\u201d is published by Braunschweigisches Landesmuseum (BLM) and the Internationales Sachsensymposion. Volumes 1-5 were published in partnership with the Nieders\u00e4chsisches Landesmuseum Hannover (NLMH).<\/p>\n\n\n\n<p>The series is properly peer-reviewed (double-blind review). The BLM thus follows the tradition of editing publications on protohistoric research in northwestern Europe, which was established by Hans-J\u00fcrgen H\u00e4\u00dfler (NLMH, Chairman of the Sachsensymposion 1996-2002) with the publication of the series \u201cStudien zur Sachsenforschung\u201d, which he continued to edit in close cooperation with members of the Internationales Sachsensymposion until 2004.<\/p>\n\n\n\n<p>For orders please contact the Braunschweigische Landesmuseum: <a href=\"https:\/\/3landesmuseen-braunschweig.de\/braunschweigisches-landesmuseum\/das-museum\/publikationen\">info.blm@3landesmuseen.de<\/a><\/p>\n\n\n\n<p><\/p>\n\n\n\n<hr class=\"wp-block-separator has-alpha-channel-opacity\"\/>\n\n\n\n<p><strong>Index<\/strong> Download<\/p>\n\n\n\n<p><a href=\"https:\/\/sachsensymposion.org\/wp-content\/uploads\/2025\/06\/Neue-Studien-1.pdf\" data-type=\"link\" data-id=\"https:\/\/sachsensymposion.org\/wp-content\/uploads\/2025\/06\/Neue-Studien-1.pdf\">NSSF 1 &#8211; Trade and Communication Networks of the First Millennium AD in the northern part of Central Europe<\/a><\/p>\n\n\n\n<p><a href=\"https:\/\/sachsensymposion.org\/wp-content\/uploads\/2025\/06\/Neue-Studien-2.pdf\" data-type=\"link\" data-id=\"https:\/\/sachsensymposion.org\/wp-content\/uploads\/2025\/06\/Neue-Studien-2.pdf\">NSSF 2 &#8211; Das Miteinander, Nebeneinander und Gegeneinander von Kulturen &#8211; Zur Arch\u00e4ologie und Geschichte wechselseitiger Beziehungen<br>im 1. Jahrtausend n. Chr.<\/a><\/p>\n\n\n\n<p><a href=\"https:\/\/sachsensymposion.org\/wp-content\/uploads\/2025\/06\/Neue-Studien-3.pdf\" data-type=\"attachment\" data-id=\"75\">NSSF 3 &#8211; Transformations in North-Western Europe (AD 300-1000)<\/a><\/p>\n\n\n\n<p><a href=\"https:\/\/sachsensymposion.org\/wp-content\/uploads\/2025\/06\/NSSF-4-Inhalt.pdf\" data-type=\"link\" data-id=\"https:\/\/sachsensymposion.org\/wp-content\/uploads\/2025\/06\/NSSF-4-Inhalt.pdf\">NSSF 4 &#8211; Individual and Individuality? &#8211; Approaches to an Archaeology of Personhood in the First Millennium AD<\/a><\/p>\n\n\n\n<p><a href=\"https:\/\/sachsensymposion.org\/wp-content\/uploads\/2025\/06\/NSSF-5.pdf\" data-type=\"link\" data-id=\"https:\/\/sachsensymposion.org\/wp-content\/uploads\/2025\/06\/NSSF-5.pdf\">NSSF 5 &#8211; Dying Gods &#8211; Religious beliefs in northern and eastern Europe in the time of Christianisation<\/a><\/p>\n\n\n\n<p><a href=\"https:\/\/sachsensymposion.org\/wp-content\/uploads\/2025\/06\/Sachsenforschung-Prelims.pdf\" data-type=\"link\" data-id=\"https:\/\/sachsensymposion.org\/wp-content\/uploads\/2025\/06\/Sachsenforschung-Prelims.pdf\">NSSF 6 &#8211; Life on the Edge: Social, Political and Religious Frontiers in Early Medieval Europe<\/a><\/p>\n\n\n\n<p><a href=\"https:\/\/sachsensymposion.org\/wp-content\/uploads\/2025\/06\/SAXONES_NSSF_7.pdf\" data-type=\"link\" data-id=\"https:\/\/sachsensymposion.org\/wp-content\/uploads\/2025\/06\/SAXONES_NSSF_7.pdf\">NSSF 7 &#8211; SAXONES<\/a><\/p>\n\n\n\n<p><a href=\"https:\/\/sachsensymposion.org\/wp-content\/uploads\/2025\/06\/NSSF_8.pdf\" data-type=\"link\" data-id=\"https:\/\/sachsensymposion.org\/wp-content\/uploads\/2025\/06\/NSSF_8.pdf\">NSSF 8 &#8211; Early medieval waterscapes &#8211; Risks and opportunities for (im)material cultural exchange<\/a><\/p>\n\n\n\n<p><a href=\"https:\/\/sachsensymposion.org\/wp-content\/uploads\/2025\/06\/NSSF_9.pdf\" data-type=\"attachment\" data-id=\"80\">NSSF 9 &#8211; Interacting Barbarians &#8211; Contacts, Exchange and Migrations in the First Millennium AD<\/a><\/p>\n\n\n\n<p><a href=\"https:\/\/sachsensymposion.org\/wp-content\/uploads\/2025\/06\/NSSF_10.pdf\" data-type=\"link\" data-id=\"https:\/\/sachsensymposion.org\/wp-content\/uploads\/2025\/06\/NSSF_10.pdf\">NSSF 10 &#8211; S\u00e4chsische Leute und L\u00e4nder &#8211; Benennung und Lokalisierung von Gruppenidenti\u00e4ten im ersten Jahrtausend<\/a><\/p>\n\n\n\n<p><a href=\"https:\/\/sachsensymposion.org\/wp-content\/uploads\/2025\/06\/NSSF-11-.pdf\" data-type=\"link\" data-id=\"https:\/\/sachsensymposion.org\/wp-content\/uploads\/2025\/06\/NSSF-11-.pdf\">NSSF 11 &#8211; New Narratives for the First Millennium AD? &#8211; Alte und neue Perspektiven der arch\u00e4ologischen Forschung zum 1. Jahrtausend n. Chr.<\/a><\/p>\n\n\n\n<p><a href=\"https:\/\/sachsensymposion.org\/wp-content\/uploads\/2025\/06\/NSSF-12_Vorworte-und-Inhaltsverzeichnis.pdf\" data-type=\"link\" data-id=\"https:\/\/sachsensymposion.org\/wp-content\/uploads\/2025\/06\/NSSF-12_Vorworte-und-Inhaltsverzeichnis.pdf\">NSSF 12 &#8211; Das Gr\u00e4berfeld von Nienb\u00fcttel &#8211; der &#8222;reichste Urnenfriedhof des \u00f6stlichen Hannovers&#8220; <\/a><\/p>\n\n\n\n<p><a href=\"https:\/\/sachsensymposion.org\/wp-content\/uploads\/2025\/06\/NSSF-13-Stockholm-conference.pdf\" data-type=\"link\" data-id=\"https:\/\/sachsensymposion.org\/wp-content\/uploads\/2025\/06\/NSSF-13-Stockholm-conference.pdf\">NSSF 13 &#8211; Change &#8211; The Shift from the Early to the Late Scandinavian Iron Age in the First Millennium AD<\/a><\/p>\n\n\n\n<p><a href=\"https:\/\/sachsensymposion.org\/wp-content\/uploads\/2025\/06\/NSSF14_ToC.pdf\" data-type=\"link\" data-id=\"https:\/\/sachsensymposion.org\/wp-content\/uploads\/2025\/06\/NSSF14_ToC.pdf\">NSSF 14 &#8211; Making Places, Making Lives &#8211; Landscape and Settlements in Coastal Wetlands<\/a><\/p>\n\n\n\n<p><\/p>","protected":false},"excerpt":{"rendered":"<p>Die \u201eNeuen Studien zur Sachsenforschung\u201c sind eine seit 2017 vom Braunschweigischen Landesmuseum (BLM) zusammen mit dem Internationalen Sachsensymposion herausgegebene Publikationsreihe. Die B\u00e4nde 1-5 erschienen in Kooperation mit dem Nieders\u00e4chsischen Landesmuseum Hannover. Alle Beitr\u00e4ge werden einem Verfahren zur Qualit\u00e4tssicherung unterzogen (Doppelblindgutachten). Das BLM setzt damit die Tradition der Herausgabe von Schriften zur Fr\u00fchgeschichtsforschung in Nordwesteuropa fort, [&hellip;]<\/p>\n","protected":false},"author":1,"featured_media":0,"parent":0,"menu_order":0,"comment_status":"closed","ping_status":"closed","template":"","meta":{"footnotes":""},"wf_page_folders":[17],"class_list":["post-57","page","type-page","status-publish","hentry"],"_links":{"self":[{"href":"https:\/\/sachsensymposion.org\/en\/wp-json\/wp\/v2\/pages\/57","targetHints":{"allow":["GET"]}}],"collection":[{"href":"https:\/\/sachsensymposion.org\/en\/wp-json\/wp\/v2\/pages"}],"about":[{"href":"https:\/\/sachsensymposion.org\/en\/wp-json\/wp\/v2\/types\/page"}],"author":[{"embeddable":true,"href":"https:\/\/sachsensymposion.org\/en\/wp-json\/wp\/v2\/users\/1"}],"replies":[{"embeddable":true,"href":"https:\/\/sachsensymposion.org\/en\/wp-json\/wp\/v2\/comments?post=57"}],"version-history":[{"count":15,"href":"https:\/\/sachsensymposion.org\/en\/wp-json\/wp\/v2\/pages\/57\/revisions"}],"predecessor-version":[{"id":824,"href":"https:\/\/sachsensymposion.org\/en\/wp-json\/wp\/v2\/pages\/57\/revisions\/824"}],"wp:attachment":[{"href":"https:\/\/sachsensymposion.org\/en\/wp-json\/wp\/v2\/media?parent=57"}],"wp:term":[{"taxonomy":"wf_page_folders","embeddable":true,"href":"https:\/\/sachsensymposion.org\/en\/wp-json\/wp\/v2\/wf_page_folders?post=57"}],"curies":[{"name":"wp","href":"https:\/\/api.w.org\/{rel}","templated":true}]}}