{"id":66,"date":"2025-06-11T09:36:04","date_gmt":"2025-06-11T07:36:04","guid":{"rendered":"https:\/\/sachsensymposion.org\/?page_id=66"},"modified":"2025-06-11T09:36:04","modified_gmt":"2025-06-11T07:36:04","slug":"symposionsbaende","status":"publish","type":"page","link":"https:\/\/sachsensymposion.org\/en\/symposionsbaende\/","title":{"rendered":"Published Symposia"},"content":{"rendered":"<p><strong>Internationales Sachsensymposion 1983<\/strong><br>U.E. Hagberg, L. Jacobzon &amp; C. Ask (eds), Sachsensymposion Skara. 34. Symposion der Arbeitsgemeinschaft f\u00fcr Sachsenforschung in Skara, 29. August \u2013 3. September 1983. Skrifter fr\u00e5n Skaraborgs L\u00e4nsmuseum 4 (Skara 1984).<\/p>\n\n\n\n<p><strong>Internationales Sachsensymposion 1988<\/strong><br>H.-J. H\u00e4\u00dfler et al. (eds), Beitr\u00e4ge vom 39. Sachsensymposion in Caen, Normandie. Caen, 12. \u2013 16. September 1988. Studien zur Sachsenforschung 8 (= Ver\u00f6ffentlichungen der Urgeschichtlichen Sammlungen des Landesmuseums zu Hannover 40) (Hildesheim 1993).<\/p>\n\n\n\n<p><strong>Internationales Sachsensymposion 1995<\/strong><br>H.-J. H\u00e4\u00dfler et al. (eds), Die Wanderung der Angeln nach England. 46. Internationales Sachsensymposion. Arch\u00e4ologisches Landesmuseum der CAU, Schloss Gottorf, Schleswig, 3. \u2013 5. September 1995. Studien zur Sachsenforschung 11 (Oldenburg 1995).<\/p>\n\n\n\n<p><strong>Internationales Sachsensymposion 1996<\/strong><br>T. Dickinson (ed.), The making of kingdoms: papers from the 47th Sachsen-symposium. York September 1996. Anglo-Saxon Studies in Archaeology and History 10 (Oxford 1999).<\/p>\n\n\n\n<p><strong>Internationales Sachsensymposion 1997<\/strong><br>U. von Freeden et al.(eds), V\u00f6lker an Nord- und Ostsee und die Franken. Akten des 48. Sachsensymposiums in Mannheim vom 7. bis 11. September 1997. Kolloquien zur Vor- und Fr\u00fchgeschichte 3 (= Mannheimer Geschichtsbl\u00e4tter 2) (Bonn 1999).<\/p>\n\n\n\n<p><strong>Internationales Sachsensymposion 1998<\/strong><br>B. Arrhenius (ed.), Kingdoms and regionality: transactions from the 49th Sachsensymposium 1998 in Uppsala. Uppsala, August 1998. Theses and papers in Archaeology B, 6 (Stockholm 2001).<\/p>\n\n\n\n<p><strong>Internationales Sachsensymposion 2001<\/strong><br>B. H\u00e5rdh &amp; L. Larsson (eds), Central places in the migration and Merovingian periods: Papers from the 52nd Sachsensymposium. Acta Archaeologica Ludensia Series in 8, 39 (= Upp\u00e5krastudier 6) (Stockholm 2002).<\/p>\n\n\n\n<p><strong>Internationales Sachsensymposion 2002<\/strong><br>53. Internationales Sachsensymposium vom 31. August bis 4. September in Schwerin. \u00dcberregionaler Kulturaustausch im Nord- und Ostseeraum von 200 bis 800\u2028AD. Verkehrswege \u2013 Marktpl\u00e4tze \u2013 Handelswaren. Bodendenkmalpflege in Mecklenburg-Vorpommern, Jahrbuch 51, 2003, 265-494.<\/p>\n\n\n\n<p><strong>Internationales Sachsensymposion 2005<\/strong><br>B. Ludowici &amp; H. P\u00f6ppelmann (eds), Das Miteinander, Nebeneinander und Gegeneinander von Kulturen. Zur Arch\u00e4ologie und Geschichte wechselseitiger Beziehungen im 1. Jahrtausend n. Chr. Neue Studien zur Sachsenforschung 2 (2011).<\/p>\n\n\n\n<p><strong>Internationales Sachsensymposion 2006<\/strong><br>Chr. Gr\u00fcnewald&amp; T. Capelle (eds), Innere Strukturen von Siedlungen und Gr\u00e4berfeldern als Spiegel gesellschaftlicher Wirklichkeit? Akten des 57. Internationalen Sachsensymposions vom 26. bis 30. August 2006 in M\u00fcnster. Ver\u00f6ffentlichungen der Altertumskommission Westfalen 17 (M\u00fcnster 2007).<\/p>\n\n\n\n<p><strong>Internationales Sachsensymposion 2007<\/strong><br>T. Brattli (ed.), Proceedings of the 58th International Sachsensymposium (Trondheim 2007). Vitark 7 (Trondheim 2009).<\/p>\n\n\n\n<p><strong>Internationales Sachsensymposion 2008<\/strong><br>U. v. Freeden et al. (eds), Glaube, Kult und Herrschaft. Ph\u00e4nomene des Religi\u00f6sen im 1. Jahrtausend n. Chr. in Mittel- und Nordeuropa. Akten des 59. Internationalen Sachsensymposions und der Grundprobleme der fr\u00fchgeschichtlichen Entwicklung im Mitteldonauraum. Kolloquien zur Vor- und Fr\u00fchgeschichte 12 (Bonn 2009).<\/p>\n\n\n\n<p><strong>Internationales Sachsensymposion 2009<\/strong><br>T. Panhuysen (ed.), Transformations in North-Western Europe (AD 300-1000)\u2028Proceedings of the 60th Sachsensymposion 19.-23. September 2009 Maastricht. Neue Studien zur Sachsenforschung 3 (2011).<\/p>\n\n\n\n<p><strong>Internationales Sachsensymposion 2010<\/strong><br>L. Boye et al. (eds), Arch\u00e4ologie in Schleswig \u2013 Arkaeologi i Slesvig. Det 61. Internsationale Sachsensymposium 2010, Haderslev, Danmark (Neum\u00fcnster 2011).<\/p>\n\n\n\n<p><strong>Internationales Sachsensymposion 2011<\/strong><br>B. Ludowici (ed.), Individual and Individuality? Approaches towards an Archaeology of Personhood in the First Millennium AD. Neue Studien zur Sachsenforschung 4 (Hannover 2013).<\/p>\n\n\n\n<p><strong>Internationales Sachsensymposion 2012<br><\/strong>Sarah Semple,&nbsp;Celia Orsini and Sian Mui (eds), Life on the Edge: Social, Political and Religious Frontiers in Early Medieval Europe<strong>.&nbsp;<\/strong>Neue Studien zur Sachsenforschung 6 (Wendeburg 2017).<\/p>\n\n\n\n<p><strong>Internationales Sachsensymposion 2013<br><\/strong>Vera Brieske u. Christiane Ruhmann (eds.), Dying Gods. Religious beliefs in northern and eastern Europe in the time of Christianisation. Neue Studien zur Sachsenforschung 5 (Hannover 2015).<\/p>\n\n\n\n<p><strong>Internationales Sachsensymposion 2014<\/strong><br>Adam Cie\u015bli\u0144ski und Bartosz Kontny (eds), Interacting Barbarians \u2013 Contacts, Exchange and Migrations in the First Millennium AD. Neue Studien zur Sachsenforschung 9 (Warszawa\/Braunschweig\/Schleswig 2019).<\/p>\n\n\n\n<p><strong>Internationales Sachsensymposion 2015<\/strong><br>Melanie Augstein und Matthias Hardt (Hrsg.), S\u00e4chsische L\u00e4nder und Leute. Benennung und Lokalisierung von Gruppenidentit\u00e4ten im ersten Jahrtausend. Neue Studien zur Sachsenforschung 10 (Wendeburg 2019).<\/p>\n\n\n\n<p><strong>Internationales Sachsensymposion 2016<\/strong><br>Rica Annaert (ed.), Early medieval waterscapes \u2013 Risks and opportunities for (im)material cultural exchange. Neue Studien zur Sachsenforschung 8 (Wendeburg 2019).<\/p>\n\n\n\n<p><strong>Internationales Sachsensymposion 2019<br><\/strong>Babette Ludowici und Heike P\u00f6ppelmann (Hrsg.), New Narratives for the First Millennium AD? Alte und neue Perspektiven der arch\u00e4ologischen Forschung zum 1. Jahrtausend n. Chr. Neue Studien zur Sachsenforschung 11 (Wendeburg 2022).<\/p>","protected":false},"excerpt":{"rendered":"<p>Internationales Sachsensymposion 1983U.E. Hagberg, L. Jacobzon &amp; C. Ask (eds), Sachsensymposion Skara. 34. Symposion der Arbeitsgemeinschaft f\u00fcr Sachsenforschung in Skara, 29. August \u2013 3. September 1983. Skrifter fr\u00e5n Skaraborgs L\u00e4nsmuseum 4 (Skara 1984). Internationales Sachsensymposion 1988H.-J. H\u00e4\u00dfler et al. (eds), Beitr\u00e4ge vom 39. Sachsensymposion in Caen, Normandie. Caen, 12. \u2013 16. September 1988. Studien zur [&hellip;]<\/p>\n","protected":false},"author":1,"featured_media":0,"parent":0,"menu_order":0,"comment_status":"closed","ping_status":"closed","template":"","meta":{"footnotes":""},"wf_page_folders":[17],"class_list":["post-66","page","type-page","status-publish","hentry"],"_links":{"self":[{"href":"https:\/\/sachsensymposion.org\/en\/wp-json\/wp\/v2\/pages\/66","targetHints":{"allow":["GET"]}}],"collection":[{"href":"https:\/\/sachsensymposion.org\/en\/wp-json\/wp\/v2\/pages"}],"about":[{"href":"https:\/\/sachsensymposion.org\/en\/wp-json\/wp\/v2\/types\/page"}],"author":[{"embeddable":true,"href":"https:\/\/sachsensymposion.org\/en\/wp-json\/wp\/v2\/users\/1"}],"replies":[{"embeddable":true,"href":"https:\/\/sachsensymposion.org\/en\/wp-json\/wp\/v2\/comments?post=66"}],"version-history":[{"count":1,"href":"https:\/\/sachsensymposion.org\/en\/wp-json\/wp\/v2\/pages\/66\/revisions"}],"predecessor-version":[{"id":68,"href":"https:\/\/sachsensymposion.org\/en\/wp-json\/wp\/v2\/pages\/66\/revisions\/68"}],"wp:attachment":[{"href":"https:\/\/sachsensymposion.org\/en\/wp-json\/wp\/v2\/media?parent=66"}],"wp:term":[{"taxonomy":"wf_page_folders","embeddable":true,"href":"https:\/\/sachsensymposion.org\/en\/wp-json\/wp\/v2\/wf_page_folders?post=66"}],"curies":[{"name":"wp","href":"https:\/\/api.w.org\/{rel}","templated":true}]}}