{"id":69,"date":"2025-06-11T09:40:06","date_gmt":"2025-06-11T07:40:06","guid":{"rendered":"https:\/\/sachsensymposion.org\/?page_id=69"},"modified":"2025-06-11T09:40:06","modified_gmt":"2025-06-11T07:40:06","slug":"symposionsberichte","status":"publish","type":"page","link":"https:\/\/sachsensymposion.org\/en\/symposionsberichte\/","title":{"rendered":"Reports on Symposia"},"content":{"rendered":"<p><strong>Internationales Sachsensymposion 1957<\/strong><br>K. Waller &amp; W. Winkelmann, Das 9. Sachsenymposion in M\u00fcnster vom 8.-10. Dezember in M\u00fcnster. Die Kunde, N.F. 8, Heft 3-4, 1957, 333-337.<\/p>\n\n\n\n<p><strong>Internationales Sachsensymposion 1961<\/strong><br>P. Schmid, Niederdeutsches Heimatblatt. Mitteilungsblatt der M\u00e4nner vom Morgenstern 149, Mai 1962 (1962).<\/p>\n\n\n\n<p><strong>Internationales Sachsensymposion 1967<\/strong><br>P. Schmid, 18. Symposion f\u00fcr Sachsenforschung in Duisburg vom 15. bis 20. April 1967. Die Kunde N.F. 18, 1967, 144-153.<\/p>\n\n\n\n<p><strong>Internationales Sachsensymposion 1968<\/strong><br>P. Schmid &amp; A. Falk, 19. Symposion f\u00fcr Sachsenforschung in Wilhelmshaven vom 2. bis 5. April 1968. Die Kunde N.F. 19, 1968, 130-138.<\/p>\n\n\n\n<p><strong>Internationales Sachsensymposion 1969<\/strong><br>P. Schmid &amp; A. Falk, 20. Symposion der Arbeitsgemeinschaft f\u00fcr Sachsenforschung in Odense vom 22. bis 25. April 1969. Die Kunde N.F. 20, 1969, 134-138.<\/p>\n\n\n\n<p><strong>Internationales Sachsensymposion 1973<\/strong><br>H. Brachmann, 24. Symposium f\u00fcr Sachsenforschung, London 1973. Ethnologisch-Arch\u00e4ologische Zeitschrift 15, 1974, 330-331.<\/p>\n\n\n\n<p>H. Brachmann, 24. Symposium f\u00fcr Sachsenforschung, London 1973. Zeitschrift f\u00fcr Arch\u00e4ologie 8, 1974, 141-144.<\/p>\n\n\n\n<p><strong>Internationales Sachsensymposion 1974<\/strong><br>Albert Genrich, Rede zum 25. Sachsensymposion 1974 in Cuxhaven. Jahrbuch der M\u00e4nner von Morgenstern 54, 1974.<\/p>\n\n\n\n<p><strong>Internationales Sachsensymposion 1980<\/strong><br>B. Schmidt, 31. Sachsensymposion, Paderborn 1980, Ethnologisch-Arch\u00e4ologische Zeitschrift 22, 1981, 735-736.<\/p>\n\n\n\n<p><strong>Internationales Sachsensymposion 1984<\/strong><br>H. Keiling, 35. Symposium der Arbeitsgemeinschaft f\u00fcr Sachsenforschung, Bederkesa 1984. Ethnologisch-Arch\u00e4ologische Zeitschrift 27, 1986, 309-310.<\/p>\n\n\n\n<p><strong>Internationales Sachsensymposion 1985<\/strong><br>B. Kr\u00fcger, 36. Symposium der Arbeitsgemeinschaft f\u00fcr Sachsenforschung, 14. bis 18. 10. 1985 in Bad Stuer, Kreis R\u00f6bel. Ethnologisch-Arch\u00e4ologische Zeitschrift 27, 1986, 525-526.<\/p>\n\n\n\n<p><strong>Internationales Sachsensymposion 1986<\/strong><br>H. Keiling, 37. Symposium der Arbeitsgemeinschaft f\u00fcr Sachsenforschung, Groningen 1986. Ethnologisch-Arch\u00e4ologische Zeitschrift 29, 1988, 523-524.<\/p>\n\n\n\n<p><strong>Internationales Sachsensymposion 1987<\/strong><br>H. Keiling, 38. Symposium der Arbeitsgemeinschaft f\u00fcr Sachsenforschung, Hamburg-Harburg 1987. Ethnologisch-Arch\u00e4ologische Zeitschrift 30, 1989, 353-354.<\/p>\n\n\n\n<p><strong>Internationales Sachsensymposion 1988<\/strong><br>B. Kr\u00fcger, Symposion der Arbeitsgemeinschaft f\u00fcr Sachenforschung, Caen 1988. Ethnologisch-Arch\u00e4ologische Zeitschrift 31, 1990, 341-342.<\/p>\n\n\n\n<p><strong>Internationales Sachsensymposion 1989<\/strong><br>H.-J. H\u00e4\u00dfler, 40. Symposium der Internationalen Arbeitsgemeinschaft f\u00fcrSachsenforschung vom 24. bis 28. September 1989 in Hannover. Die Kunde N.F.40, 1989, 193-218.<\/p>\n\n\n\n<p><strong>Internationales Sachsensymposion 1996<\/strong><br>B. Brugmann, \u201eThe Magic of Kingdom\u201c: Bericht \u00fcber das 47. Sachsensymposium vom 22. bis 26. September 1996 in York. Arch\u00e4ologisches Nachrichtenblatt 2, 1997, 398-399.<\/p>\n\n\n\n<p><strong>Internationales Sachsensymposion 1997<\/strong><br>U. Koch, \u201eV\u00f6lker an Nord- und Ostsee und die Franken\u201c: Bericht \u00fcber das 48. Sachsensymposium vom 7.-11. September 1997 in Mannheim. Arch\u00e4ologisches Nachrichtenblatt 3, 1998, 292-295.<\/p>\n\n\n\n<p><strong>Internationales Sachsensymposion 1998<\/strong><br>U. Koch, \u201eRegionalit\u00e4t und K\u00f6nigtum\u201c: Bericht \u00fcber das 49. Sachsensymposium vom 22. bis 26. August 1998 in Uppsala (Schweden). Arch\u00e4ologisches Nachrichtenblatt 4, 1999, 294-296.<\/p>\n\n\n\n<p><strong>Internationales Sachsensymposion 1999<\/strong><br>P. Kruse, Bericht \u00fcber das 50. Sachsensymposium vom 25. bis 30. September 1999 in Bad Bederkesa. Arch\u00e4ologisches Nachrichtenblatt 5, 2000, 362-364.<\/p>\n\n\n\n<p><strong>Internationales Sachsensymposion 2000<\/strong><br>B. Brugmann, Bericht \u00fcber das 51. Sachsensymposium \u201eFranken und Sachsen beiderseits des Rheinlimes\u201c vom 18. bis 21. September 2000 in Leuven. Arch\u00e4ologisches Nachrichtenblatt 6, 2001, 367-368.<\/p>\n\n\n\n<p><strong>Internationales Sachsensymposion 2002<\/strong><br>H. J\u00f6ns, Bericht \u00fcber das 53. Sachsensymposium vom 31. August bis 4. September 2002 in Schwerin. Arch\u00e4ologisches Nachrichtenblatt 8, 2003, 299-302.<\/p>","protected":false},"excerpt":{"rendered":"<p>Internationales Sachsensymposion 1957K. Waller &amp; W. Winkelmann, Das 9. Sachsenymposion in M\u00fcnster vom 8.-10. Dezember in M\u00fcnster. Die Kunde, N.F. 8, Heft 3-4, 1957, 333-337. Internationales Sachsensymposion 1961P. Schmid, Niederdeutsches Heimatblatt. Mitteilungsblatt der M\u00e4nner vom Morgenstern 149, Mai 1962 (1962). Internationales Sachsensymposion 1967P. Schmid, 18. Symposion f\u00fcr Sachsenforschung in Duisburg vom 15. bis 20. April [&hellip;]<\/p>\n","protected":false},"author":1,"featured_media":0,"parent":0,"menu_order":0,"comment_status":"closed","ping_status":"closed","template":"","meta":{"footnotes":""},"wf_page_folders":[17],"class_list":["post-69","page","type-page","status-publish","hentry"],"_links":{"self":[{"href":"https:\/\/sachsensymposion.org\/en\/wp-json\/wp\/v2\/pages\/69","targetHints":{"allow":["GET"]}}],"collection":[{"href":"https:\/\/sachsensymposion.org\/en\/wp-json\/wp\/v2\/pages"}],"about":[{"href":"https:\/\/sachsensymposion.org\/en\/wp-json\/wp\/v2\/types\/page"}],"author":[{"embeddable":true,"href":"https:\/\/sachsensymposion.org\/en\/wp-json\/wp\/v2\/users\/1"}],"replies":[{"embeddable":true,"href":"https:\/\/sachsensymposion.org\/en\/wp-json\/wp\/v2\/comments?post=69"}],"version-history":[{"count":1,"href":"https:\/\/sachsensymposion.org\/en\/wp-json\/wp\/v2\/pages\/69\/revisions"}],"predecessor-version":[{"id":70,"href":"https:\/\/sachsensymposion.org\/en\/wp-json\/wp\/v2\/pages\/69\/revisions\/70"}],"wp:attachment":[{"href":"https:\/\/sachsensymposion.org\/en\/wp-json\/wp\/v2\/media?parent=69"}],"wp:term":[{"taxonomy":"wf_page_folders","embeddable":true,"href":"https:\/\/sachsensymposion.org\/en\/wp-json\/wp\/v2\/wf_page_folders?post=69"}],"curies":[{"name":"wp","href":"https:\/\/api.w.org\/{rel}","templated":true}]}}