{"id":99,"date":"2025-08-20T11:29:56","date_gmt":"2025-08-20T09:29:56","guid":{"rendered":"https:\/\/sachsensymposion.org\/?page_id=99"},"modified":"2025-08-20T11:29:56","modified_gmt":"2025-08-20T09:29:56","slug":"links","status":"publish","type":"page","link":"https:\/\/sachsensymposion.org\/en\/links\/","title":{"rendered":"Links"},"content":{"rendered":"<p>Arch\u00e4ologische Kommission f\u00fcr Niedersachsen e.V.<a href=\"http:\/\/www.ak-niedersachsen.de\/\" target=\"_blank\" rel=\"noreferrer noopener\"><br>www.ak-niedersachsen.de<\/a><\/p>\n\n\n\n<p>Arch\u00e4ologischer Dienst der Ostfriesischen Landschaft<br><a href=\"http:\/\/www.ostfriesischelandschaft.de\/af\/\" target=\"_blank\" rel=\"noreferrer noopener\">www.ostfriesischelandschaft.de\/af\/<\/a><\/p>\n\n\n\n<p>Arch\u00e4ologisches Landesmuseum Schleswig<br><a href=\"http:\/\/www.schloss-gottorf.de\/\" target=\"_blank\" rel=\"noreferrer noopener\">www.Schloss-Gottorf.de<\/a><\/p>\n\n\n\n<p>Arch\u00e4ologisches Museum Frankfurt<a href=\"http:\/\/www.archaeologisches-museum.frankfurt.de\/\" target=\"_blank\" rel=\"noreferrer noopener\"><br>www.archaeologisches-museum.frankfurt.de<\/a><\/p>\n\n\n\n<p>Braunschweigisches Landesmuseum<br><a href=\"http:\/\/www.3landesmuseen.de\/\" target=\"_blank\" rel=\"noreferrer noopener\">www.3landesmuseen.de<\/a><\/p>\n\n\n\n<p>English Heritage<a target=\"_blank\" rel=\"noreferrer noopener\"><br><\/a><a href=\"http:\/\/www.english-heritage.org.uk\/\" target=\"_blank\" rel=\"noreferrer noopener\">http:\/\/www.english-heritage.org.uk<\/a><\/p>\n\n\n\n<p>Leibniz-Zentrum f\u00fcr Arch\u00e4ologie \/ Leibniz-Centre for Archaeology (LEIZA)<br><a href=\"http:\/\/www.leiza.de\/\">www.leiza.de<\/a><\/p>\n\n\n\n<p>Midgard Historic Centre<br><a href=\"http:\/\/www.midgardsenteret.no\/\" target=\"_blank\" rel=\"noreferrer noopener\">www.midgardsenteret.no<\/a><\/p>\n\n\n\n<p>Museum Burg Bederkesa\/Arch\u00e4ologische Denkmalpflege, Landkreis Cuxhaven&nbsp;<a href=\"http:\/\/www.burg-bederkesa.de\/\" target=\"_blank\" rel=\"noreferrer noopener\">http:\/\/www.burg-bederkesa.de<\/a><\/p>\n\n\n\n<p>Nieders\u00e4chsisches Institut f\u00fcr historische K\u00fcstenforschung<br><a href=\"http:\/\/www.nihk.de\/\" target=\"_blank\" rel=\"noreferrer noopener\">www.nihk.de<\/a><\/p>\n\n\n\n<p>Nieders\u00e4chsischen Landesamtes f\u00fcr Denkmalpflege<br><a href=\"http:\/\/www.denkmalpflege.niedersachsen.de\/\" target=\"_blank\" rel=\"noreferrer noopener\">http:\/\/www.denkmalpflege.niedersachsen.de<\/a><\/p>\n\n\n\n<p>The British Museum<br><a href=\"http:\/\/www.thebritishmuseum.ac.uk\/\" target=\"_blank\" rel=\"noreferrer noopener\">http:\/\/www.thebritishmuseum.ac.uk\/<\/a><\/p>\n\n\n\n<p>Vlaams Instituut voor het Onroerend Erfgoed<br><a href=\"http:\/\/www.vioe.be\/\">http:\/\/www.vioe.be<\/a><\/p>\n\n\n\n<p>Vor- und Fr\u00fchgeschichte Bonn<br><a href=\"http:\/\/www.vfgarch.uni-bonn.de\/\" target=\"_blank\" rel=\"noreferrer noopener\">http:\/\/www.vfgarch.uni-bonn.de\/<\/a><\/p>\n\n\n\n<p>Westf\u00e4lisches Museum f\u00fcr Arch\u00e4ologie M\u00fcnster<a href=\"http:\/\/www.lwl.org\/LWL\/Kultur\/WMfA_Zentrale\" target=\"_blank\" rel=\"noreferrer noopener\"><br>http:\/\/www.lwl.org\/LWL\/Kultur\/WMfA_Zentrale<\/a><\/p>\n\n\n\n<p>Wikinger Museum Haithabu<a href=\"http:\/\/www.haithabu.de\/\" target=\"_blank\" rel=\"noreferrer noopener\"><br>www.Haithabu.de<\/a><\/p>","protected":false},"excerpt":{"rendered":"<p>Arch\u00e4ologische Kommission f\u00fcr Niedersachsen e.V.www.ak-niedersachsen.de Arch\u00e4ologischer Dienst der Ostfriesischen Landschaftwww.ostfriesischelandschaft.de\/af\/ Arch\u00e4ologisches Landesmuseum Schleswigwww.Schloss-Gottorf.de Arch\u00e4ologisches Museum Frankfurtwww.archaeologisches-museum.frankfurt.de Braunschweigisches Landesmuseumwww.3landesmuseen.de English Heritagehttp:\/\/www.english-heritage.org.uk Leibniz-Zentrum f\u00fcr Arch\u00e4ologie \/ Leibniz-Centre for Archaeology (LEIZA)www.leiza.de Midgard Historic Centrewww.midgardsenteret.no Museum Burg Bederkesa\/Arch\u00e4ologische Denkmalpflege, Landkreis Cuxhaven&nbsp;http:\/\/www.burg-bederkesa.de Nieders\u00e4chsisches Institut f\u00fcr historische K\u00fcstenforschungwww.nihk.de Nieders\u00e4chsischen Landesamtes f\u00fcr Denkmalpflegehttp:\/\/www.denkmalpflege.niedersachsen.de The British Museumhttp:\/\/www.thebritishmuseum.ac.uk\/ Vlaams Instituut voor het Onroerend Erfgoedhttp:\/\/www.vioe.be [&hellip;]<\/p>\n","protected":false},"author":1,"featured_media":0,"parent":0,"menu_order":0,"comment_status":"closed","ping_status":"closed","template":"","meta":{"footnotes":""},"wf_page_folders":[17],"class_list":["post-99","page","type-page","status-publish","hentry"],"_links":{"self":[{"href":"https:\/\/sachsensymposion.org\/en\/wp-json\/wp\/v2\/pages\/99","targetHints":{"allow":["GET"]}}],"collection":[{"href":"https:\/\/sachsensymposion.org\/en\/wp-json\/wp\/v2\/pages"}],"about":[{"href":"https:\/\/sachsensymposion.org\/en\/wp-json\/wp\/v2\/types\/page"}],"author":[{"embeddable":true,"href":"https:\/\/sachsensymposion.org\/en\/wp-json\/wp\/v2\/users\/1"}],"replies":[{"embeddable":true,"href":"https:\/\/sachsensymposion.org\/en\/wp-json\/wp\/v2\/comments?post=99"}],"version-history":[{"count":1,"href":"https:\/\/sachsensymposion.org\/en\/wp-json\/wp\/v2\/pages\/99\/revisions"}],"predecessor-version":[{"id":100,"href":"https:\/\/sachsensymposion.org\/en\/wp-json\/wp\/v2\/pages\/99\/revisions\/100"}],"wp:attachment":[{"href":"https:\/\/sachsensymposion.org\/en\/wp-json\/wp\/v2\/media?parent=99"}],"wp:term":[{"taxonomy":"wf_page_folders","embeddable":true,"href":"https:\/\/sachsensymposion.org\/en\/wp-json\/wp\/v2\/wf_page_folders?post=99"}],"curies":[{"name":"wp","href":"https:\/\/api.w.org\/{rel}","templated":true}]}}